{"id":22,"date":"2013-07-26T21:27:43","date_gmt":"2013-07-26T21:27:43","guid":{"rendered":"http:\/\/themes.kadencethemes.com\/virtue\/?page_id=22"},"modified":"2026-02-13T10:08:15","modified_gmt":"2026-02-13T09:08:15","slug":"home","status":"publish","type":"page","link":"https:\/\/avanza.educarex.es\/","title":{"rendered":"Home"},"content":{"rendered":"\n<div class=\"wp-block-button has-custom-width wp-block-button__width-25 is-style-default aligncenter\"><a class=\"wp-block-button__link has-white-color has-text-color has-background wp-element-button\" href=\"https:\/\/avanza.educarex.es\/cursos\/login\/index.php\" style=\"background-color:#ff8e00\" target=\"_blank\" rel=\"noreferrer noopener\"><strong>INICIAR SESI\u00d3N en @VANZA<\/strong><\/a><\/div>\n\n\n\n<p><\/p>\n\n\n\n<h4 class=\"wp-block-heading has-text-align-center\">NOVEDADES<\/h4>\n\n\n<ul class=\"wp-block-latest-posts__list has-dates wp-block-latest-posts has-medium-font-size\"><li><a class=\"wp-block-latest-posts__post-title\" href=\"https:\/\/avanza.educarex.es\/?p=1625\">LISTADO DE ALUMNOS ADMITIDOS CURSO EXELEARNING<\/a><time datetime=\"2026-02-27T10:28:11+01:00\" class=\"wp-block-latest-posts__post-date\">27 febrero, 2026<\/time><\/li>\n<li><a class=\"wp-block-latest-posts__post-title\" href=\"https:\/\/avanza.educarex.es\/?p=1614\">Curso eXeLearning \/ SCORM 2025\/2026<\/a><time datetime=\"2026-02-13T09:43:12+01:00\" class=\"wp-block-latest-posts__post-date\">13 febrero, 2026<\/time><\/li>\n<li><a class=\"wp-block-latest-posts__post-title\" href=\"https:\/\/avanza.educarex.es\/?p=1591\">Admisi\u00f3n y matriculaci\u00f3n en Ciclos Formativos de Grado Medio y Superior en modalidad Virtual<\/a><time datetime=\"2025-07-25T12:57:26+02:00\" class=\"wp-block-latest-posts__post-date\">25 julio, 2025<\/time><\/li>\n<li><a class=\"wp-block-latest-posts__post-title\" href=\"https:\/\/avanza.educarex.es\/?p=1589\">Admisi\u00f3n y matriculaci\u00f3n en Cursos de Especializaci\u00f3n en modalidad Virtual<\/a><time datetime=\"2025-07-25T12:56:50+02:00\" class=\"wp-block-latest-posts__post-date\">25 julio, 2025<\/time><\/li>\n<li><a class=\"wp-block-latest-posts__post-title\" href=\"https:\/\/avanza.educarex.es\/?p=1587\">Admisi\u00f3n y matriculaci\u00f3n en Bachillerato para Adultos<\/a><time datetime=\"2025-07-25T12:53:02+02:00\" class=\"wp-block-latest-posts__post-date\">25 julio, 2025<\/time><\/li>\n<li><a class=\"wp-block-latest-posts__post-title\" href=\"https:\/\/avanza.educarex.es\/?p=1585\">Admisi\u00f3n y matriculaci\u00f3n en Ense\u00f1anzas Iniciales, Ense\u00f1anza Secundaria y Ense\u00f1anzas No Formales para personas adultas<\/a><time datetime=\"2025-07-25T12:52:12+02:00\" class=\"wp-block-latest-posts__post-date\">25 julio, 2025<\/time><\/li>\n<\/ul>\n\n\n<div data-wp-interactive=\"core\/file\" class=\"wp-block-file\"><object data-wp-bind--hidden=\"!state.hasPdfPreview\" hidden class=\"wp-block-file__embed\" data=\"https:\/\/avanza.educarex.es\/wp-content\/uploads\/2026\/02\/Diptico_Exe@vanza_Manana-1.pdf\" type=\"application\/pdf\" style=\"width:100%;height:600px\" aria-label=\"Incrustado de Diptico_Exe@vanza_Ma\u00f1ana.\"><\/object><a id=\"wp-block-file--media-404e1621-7f84-4d11-a035-290f46cc97c9\" href=\"https:\/\/avanza.educarex.es\/wp-content\/uploads\/2026\/02\/Diptico_Exe@vanza_Manana-1.pdf\">Diptico_Exe@vanza_Ma\u00f1ana<\/a><a href=\"https:\/\/avanza.educarex.es\/wp-content\/uploads\/2026\/02\/Diptico_Exe@vanza_Manana-1.pdf\" class=\"wp-block-file__button wp-element-button\" download aria-describedby=\"wp-block-file--media-404e1621-7f84-4d11-a035-290f46cc97c9\">Descarga<\/a><\/div>\n\n\n\n<div data-wp-interactive=\"core\/file\" class=\"wp-block-file\"><object data-wp-bind--hidden=\"!state.hasPdfPreview\" hidden class=\"wp-block-file__embed\" data=\"https:\/\/avanza.educarex.es\/wp-content\/uploads\/2026\/02\/Diptico_Exe@avanza_Tarde-1.pdf\" type=\"application\/pdf\" style=\"width:100%;height:600px\" aria-label=\"Incrustado de Diptico_Exe@avanza_Tarde-1.\"><\/object><a id=\"wp-block-file--media-4e5952af-8197-4364-801b-ec160c198a63\" href=\"https:\/\/avanza.educarex.es\/wp-content\/uploads\/2026\/02\/Diptico_Exe@avanza_Tarde-1.pdf\">Diptico_Exe@avanza_Tarde-1<\/a><a href=\"https:\/\/avanza.educarex.es\/wp-content\/uploads\/2026\/02\/Diptico_Exe@avanza_Tarde-1.pdf\" class=\"wp-block-file__button wp-element-button\" download aria-describedby=\"wp-block-file--media-4e5952af-8197-4364-801b-ec160c198a63\">Descarga<\/a><\/div>\n\n\n\n<h4 class=\"wp-block-heading has-text-align-center\">Suscr\u00edbete a nuestro bolet\u00edn, para estar informado de las novedades, en el formulario al pie<\/h4>\n\n\n<div class=\"wp-block-image\">\n<figure class=\"aligncenter size-large\"><a href=\"https:\/\/www.educarex.es\/eda\/centros-capacitacion-digital-extremadura.html\" target=\"_blank\" rel=\"noopener\"><img loading=\"lazy\" decoding=\"async\" width=\"1024\" height=\"1024\" src=\"https:\/\/avanza.educarex.es\/wp-content\/uploads\/2024\/06\/iNFOGRAFIA-ONLINE-1024x1024.png\" alt=\"\" class=\"wp-image-1574\" srcset=\"https:\/\/avanza.educarex.es\/wp-content\/uploads\/2024\/06\/iNFOGRAFIA-ONLINE-1024x1024.png 1024w, https:\/\/avanza.educarex.es\/wp-content\/uploads\/2024\/06\/iNFOGRAFIA-ONLINE-300x300.png 300w, https:\/\/avanza.educarex.es\/wp-content\/uploads\/2024\/06\/iNFOGRAFIA-ONLINE-150x150.png 150w, https:\/\/avanza.educarex.es\/wp-content\/uploads\/2024\/06\/iNFOGRAFIA-ONLINE-768x768.png 768w, https:\/\/avanza.educarex.es\/wp-content\/uploads\/2024\/06\/iNFOGRAFIA-ONLINE-1536x1536.png 1536w, https:\/\/avanza.educarex.es\/wp-content\/uploads\/2024\/06\/iNFOGRAFIA-ONLINE-1320x1320.png 1320w, https:\/\/avanza.educarex.es\/wp-content\/uploads\/2024\/06\/iNFOGRAFIA-ONLINE.png 2048w\" sizes=\"auto, (max-width: 1024px) 100vw, 1024px\" \/><\/a><\/figure>\n<\/div>","protected":false},"excerpt":{"rendered":"<p>NOVEDADES Suscr\u00edbete a nuestro bolet\u00edn, para estar informado de las novedades, en el formulario al pie<\/p>\n","protected":false},"author":1,"featured_media":0,"parent":0,"menu_order":0,"comment_status":"open","ping_status":"open","template":"","meta":{"kt_blocks_editor_width":"","footnotes":""},"class_list":["post-22","page","type-page","status-publish","hentry"],"_links":{"self":[{"href":"https:\/\/avanza.educarex.es\/index.php?rest_route=\/wp\/v2\/pages\/22","targetHints":{"allow":["GET"]}}],"collection":[{"href":"https:\/\/avanza.educarex.es\/index.php?rest_route=\/wp\/v2\/pages"}],"about":[{"href":"https:\/\/avanza.educarex.es\/index.php?rest_route=\/wp\/v2\/types\/page"}],"author":[{"embeddable":true,"href":"https:\/\/avanza.educarex.es\/index.php?rest_route=\/wp\/v2\/users\/1"}],"replies":[{"embeddable":true,"href":"https:\/\/avanza.educarex.es\/index.php?rest_route=%2Fwp%2Fv2%2Fcomments&post=22"}],"version-history":[{"count":37,"href":"https:\/\/avanza.educarex.es\/index.php?rest_route=\/wp\/v2\/pages\/22\/revisions"}],"predecessor-version":[{"id":1623,"href":"https:\/\/avanza.educarex.es\/index.php?rest_route=\/wp\/v2\/pages\/22\/revisions\/1623"}],"wp:attachment":[{"href":"https:\/\/avanza.educarex.es\/index.php?rest_route=%2Fwp%2Fv2%2Fmedia&parent=22"}],"curies":[{"name":"wp","href":"https:\/\/api.w.org\/{rel}","templated":true}]}}